{"id":1820,"date":"2019-10-24T07:05:39","date_gmt":"2019-10-24T04:05:39","guid":{"rendered":"http:\/\/orenbeef.ru\/?page_id=1820"},"modified":"2019-12-20T09:19:32","modified_gmt":"2019-12-20T06:19:32","slug":"pagina-iniziale","status":"publish","type":"page","link":"https:\/\/orenbeef.ru\/it\/","title":{"rendered":"Stabilimento di produzione carne bovina nella regione di Orenburg"},"content":{"rendered":"<div class=\"block next nobg\">\n<div class=\"wrp col\">\n<div class=\"one\">\n<h2>\u201cOrenbeef\u201d \u00e8 parte del \u201cGruppo Cremonini\u201d<\/h2>\n<div class=\"desc\">\n<p><strong>\u201cOrenbeef\u201d<\/strong> produce un ampio assortimento di prodotti derivati dalla lavorazione della carne bovina, cos\u00ec suddivisi: carne refrigerata e congelata commercializzata nelle categorie \u201cGrain Fed\u201d, \u201cPremium\u201d e \u201cNormal\u201d, frattaglie, sottoprodotti di lavorazione, pelli, farina di carne e grasso.<\/p>\n<\/div>\n<\/div>\n<div class=\"two\"><img decoding=\"async\" src=\"http:\/\/orenbeef.ru\/wp-content\/uploads\/2019\/04\/234rfer.jpg\" \/><\/div>\n<\/div>\n<\/div>\n<div class=\"block next bg\" style=\"background-image: url('http:\/\/orenbeef.ru\/wp-content\/uploads\/2018\/10\/fn5.jpg');\">\n<div class=\"wrp\">\n<h2>Storia<\/h2>\n<div class=\"desc\" style=\"font-style: italic;\">\n<p>\u201cDa oltre 50 anni continuiamo a innovare l\u2019industria della carne, con investimenti costanti in infrastrutture, tecnologie, R&amp;D, migliorando in modo sistematico i processi produttivi e i prodotti.<br \/>\nIn questo nuovo scenario, il nostro impegno si \u00e8 concentrato nella realizzazione di una filiera bovina sempre pi\u00f9 integrata e sostenibile, particolarmente attenta al contesto sociale, alla protezione dell\u2019ambiente ed alle istanze del mondo agricolo.<br \/>\nOggi pi\u00f9 che mai siamo infatti consapevoli che questi temi sono entrati direttamente nella catena del valore e costituiscono leve competitive necessarie per lo sviluppo sostenibile dell\u2019azienda; siamo altres\u00ec convinti che il successo dell\u2019azienda dipender\u00e0 dalla sua capacit\u00e0 di combinare gli obiettivi economici, che garantiscono crescita e occupazione, con uno stretto legame al territorio nel quale l\u2019impresa realizza la propria attivit\u00e0.\u201d<\/p>\n<\/div>\n<\/div>\n<\/div>\n<div class=\"block next nobg\">\n<div class=\"wrp col\">\n<div class=\"one\">\n<h2>1963<\/h2>\n<div class=\"desc\">\n<p>Nel mese di luglio Luigi Cremonini inizia a Castelvetro di Modena l\u2019attivit\u00e0 nel settore delle carni bovine e, insieme al fratello Giuseppe e Luciano Brandoli fonda<strong> INALCA (Industria Alimentare Carne)<\/strong>, l\u2019azienda di macellazione che sar\u00e0 il motore di sviluppo di tutte le attivit\u00e0 del Gruppo negli anni seguenti.<\/p>\n<\/div>\n<\/div>\n<div class=\"two\"><img decoding=\"async\" src=\"http:\/\/orenbeef.ru\/wp-content\/uploads\/2018\/06\/orenbeef-luigi-cremonini-02.jpg\" alt=\"\" \/><\/div>\n<\/div>\n<\/div>\n<div class=\"block next nobg\">\n<div class=\"wrp col rev\">\n<div class=\"one\">\n<h2>1982<\/h2>\n<div class=\"desc\">\n<p>Inaugurazione, alla presenza del Ministro dell\u2019Agricoltura Giovanni Marcora, del nuovo stabilimento di <strong>Castelvetro<\/strong> con una capacit\u00e0 di macellazione di 3.000 bovini alla settimana. In quel momento rappresenta la pi\u00f9 grande struttura del genere in Italia ed \u00e8 stato concepito per soddisfare le nuove esigenze della grande distribuzione e delle nuove catene di ristorazione che cominciano a diffondersi, disponendo anche di un modernissimo reparto per la produzione di hamburger dalla capacit\u00e0 produttiva di 40 ton la settimana.\u00a0 Tra le catene servite c\u2019\u00e8 Burghy, marchio di fast food italiano di grande successo di propriet\u00e0 del <strong>Gruppo Cremonini<\/strong>. Alla fine del 1982, il fatturato di <strong>INALCA<\/strong> raggiunge i 318 miliardi di Lire, di cui circa 50 realizzati all\u2019estero.<\/p>\n<\/div>\n<\/div>\n<div class=\"two\"><img decoding=\"async\" src=\"http:\/\/orenbeef.ru\/wp-content\/uploads\/2018\/06\/orenbeef-stabilimento-inalca-02.jpg\" alt=\"\" \/><\/div>\n<\/div>\n<\/div>\n<div class=\"block next nobg\">\n<div class=\"wrp col\">\n<div class=\"one\">\n<h2>1999<\/h2>\n<div class=\"desc\">\n<p><strong>INALCA<\/strong> inaugura ad <strong>Ospedaletto Lodigiano<\/strong> lo stabilimento pi\u00f9 grande D\u2019Europa per la produzione di carni bovine e prodotti industriali trasformati. L\u2019impianto, che si estende su una superficie totale di 377.000 mq (60.000 dei quali coperti) ed ha una capacit\u00e0 di macellazione di circa 6.000 capi la settimana, \u00e8 impostato su linee produttive tecnologicamente all\u2019avanguardia, che garantiscono standard qualitativi eccellenti e totalmente rispondenti alle severe normative igienico-sanitarie dell\u2019Unione Europea.<\/p>\n<\/div>\n<\/div>\n<div class=\"two\"><img decoding=\"async\" src=\"http:\/\/orenbeef.ru\/wp-content\/uploads\/2018\/06\/orenbeef-ospedaletto-lodigiano.jpg\" alt=\"\" \/><\/div>\n<\/div>\n<\/div>\n<div class=\"block next nobg\">\n<div class=\"wrp col rev\">\n<div class=\"one\">\n<h2>2010<\/h2>\n<div class=\"desc\">\n<p>A febbraio viene inaugurato un moderno impianto per la produzione di hamburger a Mosca, destinato a servire le grandi catene di distribuzione e ristorazione. La nuova struttura ha comportato un investimento di circa 100 milioni di Euro e comprende anche una grande piattaforma distributiva.<\/p>\n<\/div>\n<\/div>\n<div class=\"two\"><img decoding=\"async\" src=\"http:\/\/orenbeef.ru\/wp-content\/uploads\/2018\/06\/orenbeef-cremonini-marr-russia.jpg\" alt=\"\" \/><\/div>\n<\/div>\n<\/div>\n<div class=\"block next nobg\">\n<div class=\"wrp col\">\n<div class=\"one\">\n<h2>2014<\/h2>\n<div class=\"desc\">\n<p>In Russia, nella regione di Orenburg, vicino al Kazakistan, viene inaugurato uno stabilimento integrato di macellazione e disosso per valorizzare la produzione bovina autoctona e completare la filiera locale del Gruppo. <strong>INALCA<\/strong> rappresenta ormai per la Russia un partner ideale considerato l\u2019alto livello di specializzazione, tecnologia e know how di cui dispone in tutte le fasi di produzione. Insieme all\u2019inaugurazione dell\u2019impianto, viene annunciato un accordo con le autorit\u00e0 russe per lo sviluppo della zootecnia locale.<\/p>\n<\/div>\n<\/div>\n<div class=\"two\"><img decoding=\"async\" src=\"http:\/\/orenbeef.ru\/wp-content\/uploads\/2018\/06\/orenbeef-orenburg-01.jpg\" alt=\"\" \/><\/div>\n<\/div>\n<\/div>\n<div class=\"block next bg\" style=\"background-image: url('http:\/\/orenbeef.ru\/wp-content\/uploads\/2018\/10\/fn4.jpg');\">\n<div class=\"wrp wrpimgs min\">\n<div class=\"imgs\"><img decoding=\"async\" src=\"http:\/\/orenbeef.ru\/wp-content\/uploads\/2018\/06\/logo_orenbeef_glavnaya.png\" \/><img decoding=\"async\" src=\"http:\/\/orenbeef.ru\/wp-content\/uploads\/2018\/06\/orenbeef-gruppo-cremonini-glavnaya.png\" \/><img decoding=\"async\" src=\"http:\/\/orenbeef.ru\/wp-content\/uploads\/2018\/06\/logo_inalca_glavnaya.png\" \/><\/div>\n<\/div>\n<\/div>\n","protected":false},"excerpt":{"rendered":"<p>\u201cOrenbeef\u201d \u00e8 parte del \u201cGruppo Cremonini\u201d \u201cOrenbeef\u201d produce un ampio assortimento di prodotti derivati dalla lavorazione della carne bovina, cos\u00ec suddivisi: carne refrigerata e congelata commercializzata nelle categorie \u201cGrain Fed\u201d, \u201cPremium\u201d e \u201cNormal\u201d, frattaglie, sottoprodotti di lavorazione, pelli, farina di carne e grasso. Storia \u201cDa oltre 50 anni continuiamo a innovare l\u2019industria della carne, con [&hellip;]<\/p>\n","protected":false},"author":5,"featured_media":0,"parent":0,"menu_order":0,"comment_status":"closed","ping_status":"closed","template":"","meta":{"footnotes":""},"class_list":["post-1820","page","type-page","status-publish","hentry"],"_links":{"self":[{"href":"https:\/\/orenbeef.ru\/it\/wp-json\/wp\/v2\/pages\/1820","targetHints":{"allow":["GET"]}}],"collection":[{"href":"https:\/\/orenbeef.ru\/it\/wp-json\/wp\/v2\/pages"}],"about":[{"href":"https:\/\/orenbeef.ru\/it\/wp-json\/wp\/v2\/types\/page"}],"author":[{"embeddable":true,"href":"https:\/\/orenbeef.ru\/it\/wp-json\/wp\/v2\/users\/5"}],"replies":[{"embeddable":true,"href":"https:\/\/orenbeef.ru\/it\/wp-json\/wp\/v2\/comments?post=1820"}],"version-history":[{"count":11,"href":"https:\/\/orenbeef.ru\/it\/wp-json\/wp\/v2\/pages\/1820\/revisions"}],"predecessor-version":[{"id":2135,"href":"https:\/\/orenbeef.ru\/it\/wp-json\/wp\/v2\/pages\/1820\/revisions\/2135"}],"wp:attachment":[{"href":"https:\/\/orenbeef.ru\/it\/wp-json\/wp\/v2\/media?parent=1820"}],"curies":[{"name":"wp","href":"https:\/\/api.w.org\/{rel}","templated":true}]}}