{"id":1903,"date":"2019-11-12T07:24:08","date_gmt":"2019-11-12T04:24:08","guid":{"rendered":"http:\/\/orenbeef.loc\/?page_id=1903"},"modified":"2020-01-28T12:38:52","modified_gmt":"2020-01-28T09:38:52","slug":"progetti","status":"publish","type":"page","link":"https:\/\/orenbeef.ru\/it\/progetti\/","title":{"rendered":"Progetti"},"content":{"rendered":"<div class=\"block next nobg\">\n<div class=\"wrp col\">\n<div class=\"one\">\n<h2>Controllo qualit\u00e0<\/h2>\n<div class=\"desc\">\n<p>Il controllo dei processi di tutte le fasi di produzione \u00e8 effettuato in accordo con i pi\u00f9 aggiornati standard internazionali. Ci\u00f2 garantisce un elevato e costante livello di qualit\u00e0 di tutti i nostri prodotti.<\/p>\n<p><i class=\"quote\">\u201cAbbiamo cominciato a produrre carne bovina nel 2014. Ogni anno l\u2019azienda costantemente investe per migliorare le capacit\u00e0 produttive dell\u2019impianto. Il nostro scopo \u00e8 di lavorare 100.000 capi all\u2019anno.\u201d<\/i><\/p>\n<\/div>\n<\/div>\n<div class=\"two\"><img loading=\"lazy\" decoding=\"async\" class=\"alignnone  wp-image-2200\" src=\"http:\/\/orenbeef.ru\/wp-content\/uploads\/2019\/12\/DSC_5855_project_quality_control-300x200.jpg\" alt=\"\" width=\"578\" height=\"385\" srcset=\"https:\/\/orenbeef.ru\/wp-content\/uploads\/2019\/12\/DSC_5855_project_quality_control-300x200.jpg 300w, https:\/\/orenbeef.ru\/wp-content\/uploads\/2019\/12\/DSC_5855_project_quality_control-768x511.jpg 768w, https:\/\/orenbeef.ru\/wp-content\/uploads\/2019\/12\/DSC_5855_project_quality_control-1024x681.jpg 1024w, https:\/\/orenbeef.ru\/wp-content\/uploads\/2019\/12\/DSC_5855_project_quality_control.jpg 1160w\" sizes=\"auto, (max-width: 578px) 100vw, 578px\" \/><\/div>\n<\/div>\n<\/div>\n<div class=\"block next nobg\">\n<div class=\"wrp col rev\">\n<div class=\"one\">\n<h2>I nostri dipendenti<\/h2>\n<div class=\"desc\">\n<p>La maggior parte dei dipendenti di \u201cOrenbeef\u201d abitano nelle vicinanze dello stabilimento (provincia Saraktash, nella regione di Orenburg). Per tutti i lavoratori \u00e8 stato creato un ambiente di lavoro confortevole, una mensa che offre pasti gratuiti, un servizio di trasporto dalla citt\u00e0 allo stabilimento, oltre a tutto ci\u00f2 che prevede la legislazione locale.<\/p>\n<p class=\"quote\"><i>\u201cNoi siamo fieri delle persone che lavorano per \u201cOrenbeef\u201d. Prima del nostro arrivo qui non c\u2019erano professioni come macellaio e disossatore. Le abbiamo create noi. Ora, grazie alla professionalit\u00e0 dei nostri dipendenti, possiamo lavorare fino a 110 \u2013 120 tonnellate di carne per turno.\u201d<\/i><br \/>\n<strong>Presidente \u201cGruppo Cremonini\u201d, Luigi Cremonini<\/strong><\/p>\n<\/div>\n<\/div>\n<div class=\"two\"><img loading=\"lazy\" decoding=\"async\" class=\"alignnone wp-image-2024\" src=\"http:\/\/orenbeef.ru\/wp-content\/uploads\/2019\/12\/f3dd59a2cb6c4d08f016cde5495f86d5-300x264.jpg\" alt=\"\" width=\"416\" height=\"365\" srcset=\"https:\/\/orenbeef.ru\/wp-content\/uploads\/2019\/12\/f3dd59a2cb6c4d08f016cde5495f86d5-300x264.jpg 300w, https:\/\/orenbeef.ru\/wp-content\/uploads\/2019\/12\/f3dd59a2cb6c4d08f016cde5495f86d5.jpg 350w\" sizes=\"auto, (max-width: 416px) 100vw, 416px\" \/><\/div>\n<\/div>\n<\/div>\n<div class=\"block next nobg\">\n<div class=\"wrp col\">\n<div class=\"one\">\n<h2>\u00abAgrosakmara\u00bb<\/h2>\n<div class=\"desc\">\n<p>Per controllare l\u2019allevamento all\u2019ingrasso degli animali destinati a \u201cOrenbeef\u201d, \u00e8 stata creata l\u2019azienda \u201cAgroSakmara\u201d che opera in collaborazione con allevamenti partner nelle regioni di Orenburg e di Chelyabinsk, nelle Repubbliche di Bashkortostan e di Tatarstan. \u201cAgroSakmara\u201d fornisce i bovini, gli allevatori si occupano dell\u2019ingrassamento utilizzando i propri foraggi e cereali, le stalle, il personale, impegnandosi a raggiungere uno standard di ingrassamento in linea con le richieste di \u201cOrenbeef\u201d.<\/p>\n<p>Per fare ci\u00f2, gli specialisti di \u201cAgroSakmara\u201d controllano tutte le fasi dell\u2019ingrasso del bestiame, facendo particolare attenzione all\u2019alimentazione e al monitoraggio continuo della salute degli animali.<\/p>\n<\/div>\n<\/div>\n<div class=\"two\"><img loading=\"lazy\" decoding=\"async\" class=\"alignnone  wp-image-1812\" src=\"http:\/\/orenbeef.ru\/wp-content\/uploads\/2019\/04\/e029f1bacd9125aaa205a6bd847d6262-300x205.jpg\" alt=\"\" width=\"625\" height=\"427\" srcset=\"https:\/\/orenbeef.ru\/wp-content\/uploads\/2019\/04\/e029f1bacd9125aaa205a6bd847d6262-300x205.jpg 300w, https:\/\/orenbeef.ru\/wp-content\/uploads\/2019\/04\/e029f1bacd9125aaa205a6bd847d6262-768x524.jpg 768w, https:\/\/orenbeef.ru\/wp-content\/uploads\/2019\/04\/e029f1bacd9125aaa205a6bd847d6262-1024x698.jpg 1024w, https:\/\/orenbeef.ru\/wp-content\/uploads\/2019\/04\/e029f1bacd9125aaa205a6bd847d6262.jpg 1760w\" sizes=\"auto, (max-width: 625px) 100vw, 625px\" \/><\/div>\n<\/div>\n<\/div>\n<div class=\"block next nobg\">\n<div class=\"wrp col rev\">\n<div class=\"one\">\n<h2>Le imprese del gruppo \u201cCremonini\u201d<\/h2>\n<div class=\"desc\">\n<p>Tutte le imprese del gruppo \u00abCremonini\u00bb si prendono cura della qualit\u00e0, quindi tutte le fasi di allevamento del bestiame, gli esperti le monitorano costantemente eaiutano le aziende agricole di rispettarle. I parametri di salute degli animali, li controllano i veterinari locali, ma il controllo da parte di \u00abOrenbeef\u00bb \u00e8 anche obbligatorio. La societ\u00e0 \u00e8 impegnata nei principali processi di allevamento del bestiame, compresa la composizione delle razioni di alimentazione.<\/p>\n<\/div>\n<\/div>\n<div class=\"two\"><img loading=\"lazy\" decoding=\"async\" class=\"alignnone  wp-image-2027\" src=\"http:\/\/orenbeef.ru\/wp-content\/uploads\/2019\/12\/Stabilimento-Ospedaletto-300x200.jpg\" alt=\"\" width=\"572\" height=\"381\" srcset=\"https:\/\/orenbeef.ru\/wp-content\/uploads\/2019\/12\/Stabilimento-Ospedaletto-300x200.jpg 300w, https:\/\/orenbeef.ru\/wp-content\/uploads\/2019\/12\/Stabilimento-Ospedaletto-768x512.jpg 768w, https:\/\/orenbeef.ru\/wp-content\/uploads\/2019\/12\/Stabilimento-Ospedaletto-1024x683.jpg 1024w\" sizes=\"auto, (max-width: 572px) 100vw, 572px\" \/><\/div>\n<\/div>\n<\/div>\n<div class=\"block next nobg\">\n<div class=\"wrp col\">\n<div class=\"one\">\n<h2>\u00abAgrosakmara Bashkiriya\u00bb<\/h2>\n<div class=\"desc\">\n<p>Durante i primi anni di produzione, l\u2019approvvigionamento dei bovini \u00e8 avvenuto solo sul mercato locale (regioni limitrofe). Successivamente, con lo sviluppo del progetto di AgroSakmara, \u00e8 iniziato il presidio dell\u2019intera filiera. Logica conseguenza \u00e8 stata la creazione di \u201cAgroSakmara Bashkiriya\u201d, una societ\u00e0 che ha lo scopo di costruire e gestire un feedlot nella provincia di Fiodorovka, nella Repubblica del Bashkortostan. Questa decisione ha dato seguito al memorandum di cooperazione firmato in precedenza fra il \u201cGruppo Cremonini&#8221; e le autorit\u00e0 della Repubblica. L&#8217;investimento sar\u00e0 di pi\u00f9 di un miliardo di rubli. Nel feedlot si prevede di ingrassare circa 9 mila capi, in particolare razze da carne, con una produzione annua superiore a 5 mila tonnellate (peso vivo). Quasi quanto la produzione dell\u2019intera provincia di Fiodorovka.<\/p>\n<\/div>\n<\/div>\n<div class=\"two\"><img decoding=\"async\" src=\"http:\/\/orenbeef.ru\/wp-content\/uploads\/2019\/04\/9.jpg\" alt=\"\" \/><\/div>\n<\/div>\n<\/div>\n<div class=\"block next bg\" style=\"background-image: url('http:\/\/orenbeef.ru\/wp-content\/uploads\/2018\/10\/fn4.jpg');\">\n<div class=\"wrp wrpimgs min\">\n<div class=\"imgs\"><img loading=\"lazy\" decoding=\"async\" class=\"alignnone size-full wp-image-2209\" src=\"http:\/\/orenbeef.ru\/wp-content\/uploads\/2020\/01\/logo-left-new.png\" alt=\"\" width=\"183\" height=\"102\" \/><img decoding=\"async\" src=\"http:\/\/orenbeef.ru\/wp-content\/uploads\/2018\/06\/orenbeef-gruppo-cremonini-glavnaya.png\" \/><img decoding=\"async\" src=\"http:\/\/orenbeef.ru\/wp-content\/uploads\/2018\/06\/logo_inalca_glavnaya.png\" \/><\/div>\n<\/div>\n<\/div>\n","protected":false},"excerpt":{"rendered":"<p>Controllo qualit\u00e0 Il controllo dei processi di tutte le fasi di produzione \u00e8 effettuato in accordo con i pi\u00f9 aggiornati standard internazionali. Ci\u00f2 garantisce un elevato e costante livello di qualit\u00e0 di tutti i nostri prodotti. \u201cAbbiamo cominciato a produrre carne bovina nel 2014. Ogni anno l\u2019azienda costantemente investe per migliorare le capacit\u00e0 produttive dell\u2019impianto. [&hellip;]<\/p>\n","protected":false},"author":5,"featured_media":0,"parent":0,"menu_order":0,"comment_status":"closed","ping_status":"closed","template":"","meta":{"footnotes":""},"class_list":["post-1903","page","type-page","status-publish","hentry"],"_links":{"self":[{"href":"https:\/\/orenbeef.ru\/it\/wp-json\/wp\/v2\/pages\/1903","targetHints":{"allow":["GET"]}}],"collection":[{"href":"https:\/\/orenbeef.ru\/it\/wp-json\/wp\/v2\/pages"}],"about":[{"href":"https:\/\/orenbeef.ru\/it\/wp-json\/wp\/v2\/types\/page"}],"author":[{"embeddable":true,"href":"https:\/\/orenbeef.ru\/it\/wp-json\/wp\/v2\/users\/5"}],"replies":[{"embeddable":true,"href":"https:\/\/orenbeef.ru\/it\/wp-json\/wp\/v2\/comments?post=1903"}],"version-history":[{"count":14,"href":"https:\/\/orenbeef.ru\/it\/wp-json\/wp\/v2\/pages\/1903\/revisions"}],"predecessor-version":[{"id":2212,"href":"https:\/\/orenbeef.ru\/it\/wp-json\/wp\/v2\/pages\/1903\/revisions\/2212"}],"wp:attachment":[{"href":"https:\/\/orenbeef.ru\/it\/wp-json\/wp\/v2\/media?parent=1903"}],"curies":[{"name":"wp","href":"https:\/\/api.w.org\/{rel}","templated":true}]}}