{"id":1942,"date":"2019-11-12T08:08:13","date_gmt":"2019-11-12T05:08:13","guid":{"rendered":"http:\/\/orenbeef.loc\/?page_id=1942"},"modified":"2020-01-28T13:44:21","modified_gmt":"2020-01-28T10:44:21","slug":"sistema-di-qualita","status":"publish","type":"page","link":"https:\/\/orenbeef.ru\/it\/sistema-di-qualita\/","title":{"rendered":"Sistema di qualit\u00e0"},"content":{"rendered":"<div class=\"block next nobg\">\n<div class=\"wrp col\">\n<div class=\"one\">\n<h2>Sistema di qualit\u00e0 della societ\u00e0 \u201cOrenbeef\u201d<\/h2>\n<div class=\"desc\">L&#8217;allevamento del bestiame in condizioni favorevoli \u00e8 un elemento fondamentale dell&#8217;attivit\u00e0 produttiva di \u201cOrenbeef\u201d. Il concetto di sviluppo sostenibile \u00e8 un fattore importante nella competitivit\u00e0 dell&#8217;azienda. Questo mira a mantenere lo sviluppo economico, l&#8217;uguaglianza sociale e gli ecosistemi ed \u00e8 realizzato in modalit\u00e0 di equilibrio ecologico.<\/div>\n<\/div>\n<div class=\"two\"><img loading=\"lazy\" decoding=\"async\" class=\"alignnone wp-image-2196\" src=\"http:\/\/orenbeef.ru\/wp-content\/uploads\/2019\/12\/gamet-i-zarodka-075_quality_certificates-300x200.jpg\" alt=\"\" width=\"458\" height=\"305\" srcset=\"https:\/\/orenbeef.ru\/wp-content\/uploads\/2019\/12\/gamet-i-zarodka-075_quality_certificates-300x200.jpg 300w, https:\/\/orenbeef.ru\/wp-content\/uploads\/2019\/12\/gamet-i-zarodka-075_quality_certificates-768x512.jpg 768w, https:\/\/orenbeef.ru\/wp-content\/uploads\/2019\/12\/gamet-i-zarodka-075_quality_certificates-1024x683.jpg 1024w, https:\/\/orenbeef.ru\/wp-content\/uploads\/2019\/12\/gamet-i-zarodka-075_quality_certificates.jpg 1500w\" sizes=\"auto, (max-width: 458px) 100vw, 458px\" \/><\/div>\n<\/div>\n<\/div>\n<div class=\"block next bg\" style=\"background-image: url('\/wp-content\/uploads\/2019\/02\/1.jpg');\">\n<div class=\"wrp\">\n<h2>Certificati<\/h2>\n<div class=\"desc\">\n<p>La qualit\u00e0 dei prodotti di \u201cOrenbeef\u201d \u00e8 stata ripetutamente confermata dalle licenze e dai certificati di qualit\u00e0 e conformit\u00e0. Questo garantisce, che il manzo ed i sottoprodotti siano stati fabbricati senza l&#8217;uso di organismi geneticamente modificati e siano assolutamente innocui per la salute.<\/p>\n<\/div>\n<\/div>\n<\/div>\n<div class=\"block next nobg\">\n<div class=\"wrp sert\">\n<div class=\"owl-carousel\">\n<div class=\"item\"><img decoding=\"async\" src=\"http:\/\/orenbeef.ru\/wp-content\/uploads\/2018\/08\/ohsas18001-001.jpg\" \/><\/div>\n<div class=\"item\"><img decoding=\"async\" src=\"http:\/\/orenbeef.ru\/wp-content\/uploads\/2018\/08\/nestle-001.jpg\" \/><\/div>\n<div class=\"item\"><img decoding=\"async\" src=\"http:\/\/orenbeef.ru\/wp-content\/uploads\/2018\/08\/iso14001-001.jpg\" \/><\/div>\n<div class=\"item\"><img decoding=\"async\" src=\"http:\/\/orenbeef.ru\/wp-content\/uploads\/2018\/08\/fssc22000-001.jpg\" \/><\/div>\n<div class=\"item\"><img decoding=\"async\" src=\"http:\/\/orenbeef.ru\/wp-content\/uploads\/2019\/12\/FSSC_22000-2-212x300.jpg\" alt=\"\" \/><\/div>\n<div class=\"item\"><img decoding=\"async\" src=\"http:\/\/orenbeef.ru\/wp-content\/uploads\/2019\/12\/Mcd2-212x300.jpg\" alt=\"\" \/><\/div>\n<\/div>\n<\/div>\n<\/div>\n","protected":false},"excerpt":{"rendered":"<p>Sistema di qualit\u00e0 della societ\u00e0 \u201cOrenbeef\u201d L&#8217;allevamento del bestiame in condizioni favorevoli \u00e8 un elemento fondamentale dell&#8217;attivit\u00e0 produttiva di \u201cOrenbeef\u201d. Il concetto di sviluppo sostenibile \u00e8 un fattore importante nella competitivit\u00e0 dell&#8217;azienda. Questo mira a mantenere lo sviluppo economico, l&#8217;uguaglianza sociale e gli ecosistemi ed \u00e8 realizzato in modalit\u00e0 di equilibrio ecologico. Certificati La qualit\u00e0 [&hellip;]<\/p>\n","protected":false},"author":5,"featured_media":0,"parent":0,"menu_order":0,"comment_status":"closed","ping_status":"closed","template":"","meta":{"footnotes":""},"class_list":["post-1942","page","type-page","status-publish","hentry"],"_links":{"self":[{"href":"https:\/\/orenbeef.ru\/it\/wp-json\/wp\/v2\/pages\/1942","targetHints":{"allow":["GET"]}}],"collection":[{"href":"https:\/\/orenbeef.ru\/it\/wp-json\/wp\/v2\/pages"}],"about":[{"href":"https:\/\/orenbeef.ru\/it\/wp-json\/wp\/v2\/types\/page"}],"author":[{"embeddable":true,"href":"https:\/\/orenbeef.ru\/it\/wp-json\/wp\/v2\/users\/5"}],"replies":[{"embeddable":true,"href":"https:\/\/orenbeef.ru\/it\/wp-json\/wp\/v2\/comments?post=1942"}],"version-history":[{"count":9,"href":"https:\/\/orenbeef.ru\/it\/wp-json\/wp\/v2\/pages\/1942\/revisions"}],"predecessor-version":[{"id":2222,"href":"https:\/\/orenbeef.ru\/it\/wp-json\/wp\/v2\/pages\/1942\/revisions\/2222"}],"wp:attachment":[{"href":"https:\/\/orenbeef.ru\/it\/wp-json\/wp\/v2\/media?parent=1942"}],"curies":[{"name":"wp","href":"https:\/\/api.w.org\/{rel}","templated":true}]}}