{"id":1946,"date":"2019-11-12T08:15:56","date_gmt":"2019-11-12T05:15:56","guid":{"rendered":"http:\/\/orenbeef.loc\/?page_id=1946"},"modified":"2019-12-20T09:59:50","modified_gmt":"2019-12-20T06:59:50","slug":"catena-di-forniture","status":"publish","type":"page","link":"https:\/\/orenbeef.ru\/it\/catena-di-forniture\/","title":{"rendered":"Filiera produttiva"},"content":{"rendered":"<div class=\"block next nobg\">\n<div class=\"wrp\">\n<h2>Noi conosciamo la storia di tutto il nostro bestiame!<\/h2>\n<div class=\"desc\">\n<p>Il nostro sistema di tracciabilit\u00e0 assicura la disponibilit\u00e0 in tempo reale di tutte le informazioni necessarie per garantire la qualit\u00e0 e la sicurezza di ogni singolo prodotto.<\/p>\n<\/div>\n<ul class=\"chain\">\n<li>\n<div class=\"title\">L\u2019allevamento dei bovini<\/div>\n<div class=\"text\">Conosciamo la storia di tutti i nostri bovini. La nostra filiera garantisce tracciabilit\u00e0 completa e totale trasparenza. Siamo attenti al loro benessere. Assicuriamo controlli veterinari sulla loro salute e sulla sicurezza dei loro mangimi.<\/div>\n<\/li>\n<li>\n<div class=\"title\">Trasporto bestiame<\/div>\n<div class=\"text\">Con la nostra flotta di camion per il trasporto bestiame siamo in grado caricare, trasportare e scaricare gli animali in condizioni confortevoli, garantendone il benessere e salvaguardando la qualit\u00e0 del prodotto finale.<\/div>\n<\/li>\n<li>\n<div class=\"title\">Macellazione<\/div>\n<div class=\"text\">La produzione, in conformit\u00e0 con le regole veterinarie locali, prevede che tutti gli animali siano avviati alla macellazione solo dopo aver superato la visita ante mortem. Durante tutto il processo, tutti gli operatori coinvolti operano secondo gli standard di sicurezza alimentare utilizzati in stabilimento.<\/div>\n<\/li>\n<li>\n<div class=\"title\">Produzione e distribuzione<\/div>\n<div class=\"text\">\u201cOrenbeef\u201d produce e commercializza un assortimento completo di carni bovine, fresche e surgelate, confezionate sottovuoto commercializzate nelle categorie \u201cGrain Fed\u201d, \u201cPremium\u201d e \u201cNormal\u201d. Produce inoltre frattaglie, sottoprodotti di lavorazione, pelli, farina di carne e grasso. I prodotti sono poi distribuiti nei canali HoReCa, retail e commercio all\u2019ingrosso.<\/div>\n<\/li>\n<li>\n<div class=\"title\">Controllo qualit\u00e0 e sicurezza alimentare<\/div>\n<div class=\"text\">\u201cOrenbeef\u201d garantisce la massima igiene, sicurezza e qualit\u00e0 per ogni singolo prodotto venduto. Ogni anno si effettuano pi\u00f9 di 50.000 esami di laboratorio.<\/div>\n<\/li>\n<li>\n<div class=\"title\">Confezionamento<\/div>\n<div class=\"text\">I prodotti finiti sono confezionati e spediti. Il confezionamento sottovuoto conserva le caratteristiche organolettiche della carne pi\u00f9 a lungo, cos\u00ec da permettere al consumatore finale di apprezzarne appieno il sapore.<\/div>\n<\/li>\n<\/ul>\n<div class=\"desc\">\n<p>&#8220;Orenbeef&#8221; vuole creare un modello di business sempre pi\u00f9 sostenibile, controllando l&#8217;intera filiera produttiva, dall&#8217;allevamento, alla lavorazione della carne fino alla distribuzione dei prodotti finiti. Il controllo di tutte le fasi e il miglioramento dell&#8217;efficienza produttiva permettono all&#8217;azienda di ottenere risultati tangibili in termini di qualit\u00e0 e sostenibilit\u00e0.<\/p>\n<\/div>\n<\/div>\n<\/div>\n","protected":false},"excerpt":{"rendered":"<p>Noi conosciamo la storia di tutto il nostro bestiame! Il nostro sistema di tracciabilit\u00e0 assicura la disponibilit\u00e0 in tempo reale di tutte le informazioni necessarie per garantire la qualit\u00e0 e la sicurezza di ogni singolo prodotto. L\u2019allevamento dei bovini Conosciamo la storia di tutti i nostri bovini. La nostra filiera garantisce tracciabilit\u00e0 completa e totale [&hellip;]<\/p>\n","protected":false},"author":5,"featured_media":0,"parent":0,"menu_order":0,"comment_status":"closed","ping_status":"closed","template":"","meta":{"footnotes":""},"class_list":["post-1946","page","type-page","status-publish","hentry"],"_links":{"self":[{"href":"https:\/\/orenbeef.ru\/it\/wp-json\/wp\/v2\/pages\/1946","targetHints":{"allow":["GET"]}}],"collection":[{"href":"https:\/\/orenbeef.ru\/it\/wp-json\/wp\/v2\/pages"}],"about":[{"href":"https:\/\/orenbeef.ru\/it\/wp-json\/wp\/v2\/types\/page"}],"author":[{"embeddable":true,"href":"https:\/\/orenbeef.ru\/it\/wp-json\/wp\/v2\/users\/5"}],"replies":[{"embeddable":true,"href":"https:\/\/orenbeef.ru\/it\/wp-json\/wp\/v2\/comments?post=1946"}],"version-history":[{"count":5,"href":"https:\/\/orenbeef.ru\/it\/wp-json\/wp\/v2\/pages\/1946\/revisions"}],"predecessor-version":[{"id":2152,"href":"https:\/\/orenbeef.ru\/it\/wp-json\/wp\/v2\/pages\/1946\/revisions\/2152"}],"wp:attachment":[{"href":"https:\/\/orenbeef.ru\/it\/wp-json\/wp\/v2\/media?parent=1946"}],"curies":[{"name":"wp","href":"https:\/\/api.w.org\/{rel}","templated":true}]}}